{"id":1509,"date":"2024-08-13T12:45:02","date_gmt":"2024-08-13T15:45:02","guid":{"rendered":"https:\/\/nuevo.4biss.com\/?page_id=1509"},"modified":"2024-08-19T10:55:41","modified_gmt":"2024-08-19T13:55:41","slug":"politicas-de-privacidad","status":"publish","type":"page","link":"https:\/\/nuevo.4biss.com\/index.php\/politicas-de-privacidad\/","title":{"rendered":"Pol\u00edticas de Privacidad"},"content":{"rendered":"\t\t<div data-elementor-type=\"wp-page\" data-elementor-id=\"1509\" class=\"elementor elementor-1509\">\n\t\t\t\t\t\t<section class=\"ob-is-breaking-bad elementor-section elementor-top-section elementor-element elementor-element-a104985 elementor-section-height-min-height elementor-section-items-top elementor-section-boxed elementor-section-height-default\" data-id=\"a104985\" data-element_type=\"section\" data-settings=\"{&quot;background_background&quot;:&quot;classic&quot;,&quot;_ob_bbad_use_it&quot;:&quot;yes&quot;,&quot;_ob_bbad_sssic_use&quot;:&quot;no&quot;,&quot;_ob_glider_is_slider&quot;:&quot;no&quot;}\">\n\t\t\t\t\t\t\t<div class=\"elementor-background-overlay\"><\/div>\n\t\t\t\t\t\t\t<div class=\"elementor-container elementor-column-gap-default\">\n\t\t\t\t\t<div class=\"elementor-column elementor-col-100 elementor-top-column elementor-element elementor-element-a1f0056\" data-id=\"a1f0056\" data-element_type=\"column\" data-settings=\"{&quot;_ob_bbad_is_stalker&quot;:&quot;no&quot;,&quot;_ob_teleporter_use&quot;:false,&quot;_ob_column_hoveranimator&quot;:&quot;no&quot;,&quot;_ob_column_has_pseudo&quot;:&quot;no&quot;}\">\n\t\t\t<div class=\"elementor-widget-wrap elementor-element-populated\">\n\t\t\t\t\t\t\t<\/div>\n\t\t<\/div>\n\t\t\t\t\t<\/div>\n\t\t<\/section>\n\t\t<div class=\"elementor-element elementor-element-0eaa425 e-flex e-con-boxed e-con e-parent\" data-id=\"0eaa425\" data-element_type=\"container\" data-settings=\"{&quot;background_background&quot;:&quot;classic&quot;,&quot;_ob_use_container_extras&quot;:&quot;no&quot;,&quot;_ob_column_hoveranimator&quot;:&quot;no&quot;,&quot;_ob_glider_is_slider&quot;:&quot;no&quot;,&quot;_ob_column_has_pseudo&quot;:&quot;no&quot;}\">\n\t\t\t\t\t<div class=\"e-con-inner\">\n\t\t\t\t<div class=\"elementor-element elementor-element-19af214 ob-harakiri-inherit ob-has-background-overlay elementor-widget elementor-widget-text-editor\" data-id=\"19af214\" data-element_type=\"widget\" data-settings=\"{&quot;_ob_use_harakiri&quot;:&quot;yes&quot;,&quot;_ob_harakiri_writing_mode&quot;:&quot;inherit&quot;,&quot;_ob_postman_use&quot;:&quot;no&quot;,&quot;_ob_perspektive_use&quot;:&quot;no&quot;,&quot;_ob_poopart_use&quot;:&quot;yes&quot;,&quot;_ob_shadough_use&quot;:&quot;no&quot;,&quot;_ob_allow_hoveranimator&quot;:&quot;no&quot;,&quot;_ob_widget_stalker_use&quot;:&quot;no&quot;}\" data-widget_type=\"text-editor.default\">\n\t\t\t\t<div class=\"elementor-widget-container\">\n\t\t\t<style>\/*! elementor - v3.21.0 - 15-04-2024 *\/\n.elementor-widget-text-editor.elementor-drop-cap-view-stacked .elementor-drop-cap{background-color:#69727d;color:#fff}.elementor-widget-text-editor.elementor-drop-cap-view-framed .elementor-drop-cap{color:#69727d;border:3px solid;background-color:transparent}.elementor-widget-text-editor:not(.elementor-drop-cap-view-default) .elementor-drop-cap{margin-top:8px}.elementor-widget-text-editor:not(.elementor-drop-cap-view-default) .elementor-drop-cap-letter{width:1em;height:1em}.elementor-widget-text-editor .elementor-drop-cap{float:left;text-align:center;line-height:1;font-size:50px}.elementor-widget-text-editor .elementor-drop-cap-letter{display:inline-block}<\/style>\t\t\t\t<h3><span style=\"color: #ffffff;\">Pol\u00edticas de Privacidad<\/span><\/h3>\t\t\t\t\t\t<\/div>\n\t\t\t\t<\/div>\n\t\t\t\t\t<\/div>\n\t\t\t\t<\/div>\n\t\t\t\t<section class=\"ob-is-breaking-bad elementor-section elementor-top-section elementor-element elementor-element-133d960 elementor-section-content-middle elementor-reverse-mobile elementor-section-boxed elementor-section-height-default elementor-section-height-default\" data-id=\"133d960\" data-element_type=\"section\" data-settings=\"{&quot;background_background&quot;:&quot;classic&quot;,&quot;_ob_bbad_use_it&quot;:&quot;yes&quot;,&quot;_ob_bbad_sssic_use&quot;:&quot;no&quot;,&quot;_ob_glider_is_slider&quot;:&quot;no&quot;}\">\n\t\t\t\t\t\t<div class=\"elementor-container elementor-column-gap-default\">\n\t\t\t\t\t<div class=\"elementor-column elementor-col-100 elementor-top-column elementor-element elementor-element-5325f7e\" data-id=\"5325f7e\" data-element_type=\"column\" data-settings=\"{&quot;_ob_bbad_is_stalker&quot;:&quot;no&quot;,&quot;_ob_teleporter_use&quot;:false,&quot;_ob_column_hoveranimator&quot;:&quot;no&quot;,&quot;_ob_column_has_pseudo&quot;:&quot;no&quot;}\">\n\t\t\t<div class=\"elementor-widget-wrap elementor-element-populated\">\n\t\t\t\t\t\t<div class=\"elementor-element elementor-element-d9fe672 ob-harakiri-inherit ob-has-background-overlay elementor-widget elementor-widget-text-editor\" data-id=\"d9fe672\" data-element_type=\"widget\" data-settings=\"{&quot;_ob_use_harakiri&quot;:&quot;yes&quot;,&quot;_ob_harakiri_writing_mode&quot;:&quot;inherit&quot;,&quot;_ob_postman_use&quot;:&quot;no&quot;,&quot;_ob_perspektive_use&quot;:&quot;no&quot;,&quot;_ob_poopart_use&quot;:&quot;yes&quot;,&quot;_ob_shadough_use&quot;:&quot;no&quot;,&quot;_ob_allow_hoveranimator&quot;:&quot;no&quot;,&quot;_ob_widget_stalker_use&quot;:&quot;no&quot;}\" data-widget_type=\"text-editor.default\">\n\t\t\t\t<div class=\"elementor-widget-container\">\n\t\t\t\t\t\t\t<div class=\"elementor-element elementor-element-af60815 elementor-widget elementor-widget-text-editor\" data-id=\"af60815\" data-element_type=\"widget\" data-widget_type=\"text-editor.default\"><div class=\"elementor-widget-container\"><div class=\"elementor-text-editor elementor-clearfix\"><p><a href=\"https:\/\/www.inverpoint.com\/politica-de-privacidad-licencia-inverpoint\/\"><strong>POLITICA<\/strong><\/a><strong> DE PRIVACIDAD Y DE PROTECCION DE DATOS PERSONALES ASUMIDA POR\u00a0 \u201cwww.4biss.com\u201d dominio de \u201cSoluciones 4biss SAS\u201d<\/strong><\/p><p>\u00a0Todos los datos personales de los usuarios de <a href=\"http:\/\/www.4biss.com\">www.4biss.com<\/a> se regir\u00e1n por las pautas siguientes y en lo que aqu\u00ed no este expresamente establecido regir\u00e1 la ley especial vigente.<\/p><p>1.-El responsable del tratamiento y administraci\u00f3n de los datos personales \u201cSOLUCIONES 4BISS SAS\u201d, sociedad inscripta en Argentina en la DPPJ bajo el n\u00famero RL-2021-16984344-GDEBA-DLMJYDHGP, con domicilio comercial en calle 472 n\u00b0 1611 de City Bell, La Plata, Buenos Aires, Argentina.<\/p><p>2.- \u201cSOLUCIONES 4BISS SAS\u201d trata la informaci\u00f3n que nos facilitan las personas interesadas con el fin de mantener la comunicaci\u00f3n entre ambas partes, la resoluci\u00f3n de dudas y consultas planteadas. Dicha informaci\u00f3n estar\u00e1 registrada hasta que el usuario comunique su intenci\u00f3n de dar de baja el registro y\/o manifieste su intenci\u00f3n enviando un correo a <a href=\"mailto:info@4biss.com\">info@4biss.com<\/a> informando que desea que su informaci\u00f3n sea eliminada de nuestros registros. Caso contrario seguir\u00e1n vigentes hasta tanto sean necesarios para mantener vigente el objeto por el cual fueron requeridos.<\/p><p>3.- La base legal para el tratamiento de los datos personales del usuario es el consentimiento del interesado o de su representante legal al rellenar el formulario de la petici\u00f3n o consulta que el mismo realiza, o al contactar a trav\u00e9s de cualquiera de los enlaces a correo electr\u00f3nico de contacto facilitados en la p\u00e1gina.<\/p><p>4.- Los datos proporcionados a \u201cSOLUCIONES 4BISS SAS\u201d por medio de su web nunca ser\u00e1n trasferidos a terceros y no se prev\u00e9 la transferencia internacional de los mismos salvo exigencia legal o de autoridad p\u00fablica con competencia y facultades para hacerlo.<\/p><p>\u201cSOLUCIONES 4BISS SAS\u201d mantiene contratados servicios de hosting web y webmail con proveedores especializados. Ello supone que los datos de env\u00edos telem\u00e1ticos en alg\u00fan momento se almacenar\u00e1n en estos servidores de terceros con los que \u201cSOLUCIONES 4BISS SAS\u201d tiene firmados las correspondientes cl\u00e1usulas de confidencialidad.<\/p><p>5.- Las personas interesadas tienen derecho a\u00a0acceder\u00a0a sus datos personales, as\u00ed como a solicitar la\u00a0rectificaci\u00f3n de los datos inexactos o, en su caso, solicitar su\u00a0supresi\u00f3n\u00a0cuando, entre otros motivos, los datos ya no sean necesarios para los fines que fueron recogidos. Adem\u00e1s, tendr\u00e1n derecho a solicitar la\u00a0limitaci\u00f3n\u00a0de su tratamiento y a\u00a0oponerse\u00a0a este y tambi\u00e9n tendr\u00e1n derecho a la\u00a0portabilidad\u00a0de sus datos personales conforme a lo establecido en el Reglamento de Protecci\u00f3n de Datos vigente y aplicable seg\u00fan el caso.<\/p><p>En determinadas circunstancias, los interesados podr\u00e1n solicitar la limitaci\u00f3n del tratamiento de sus datos, en cuyo caso \u00fanicamente los conservaremos para el ejercicio o la defensa de reclamaciones.<\/p><p>En determinadas circunstancias y por motivos relacionados con su situaci\u00f3n particular, los interesados podr\u00e1n oponerse al tratamiento de sus datos. \u201cSOLUCIONES 4BISS SAS\u201d. dejar\u00e1 de tratar los datos, salvo por motivos leg\u00edtimos o el ejercicio o la defensa de posibles reclamaciones.<\/p><p>Para el ejercicio de los derechos establecidos por la ley y los cu\u00e1les han sido descritos anteriormente, hay que dirigirse por escrito mediante carta postal a \u201cSOLUCIONES 4BISS SAS\u201d y por correo electr\u00f3nico a info@4biss.com.<\/p><p>Si el interesado lo solicita, \u201cSOLUCIONES 4BISS SAS\u201d le facilitar\u00e1 el formulario correspondiente para ejercer cualquiera de sus derechos.<\/p><p>Adem\u00e1s, aquellos interesados que deseen saber m\u00e1s informaci\u00f3n sobre sus derechos podr\u00e1n obtenerla llamando a los tel\u00e9fonos oficiales correspondientes.<\/p><\/div><\/div><\/div>\t\t\t\t\t\t<\/div>\n\t\t\t\t<\/div>\n\t\t\t\t\t<\/div>\n\t\t<\/div>\n\t\t\t\t\t<\/div>\n\t\t<\/section>\n\t\t<div class=\"elementor-element elementor-element-30172e0 e-flex e-con-boxed e-con e-parent\" data-id=\"30172e0\" data-element_type=\"container\" data-settings=\"{&quot;background_background&quot;:&quot;classic&quot;,&quot;_ob_use_container_extras&quot;:&quot;no&quot;,&quot;_ob_column_hoveranimator&quot;:&quot;no&quot;,&quot;_ob_glider_is_slider&quot;:&quot;no&quot;,&quot;_ob_column_has_pseudo&quot;:&quot;no&quot;}\">\n\t\t\t\t\t<div class=\"e-con-inner\">\n\t\t\t\t<div class=\"elementor-element elementor-element-bf8b6ea ob-harakiri-inherit ob-has-background-overlay elementor-widget elementor-widget-text-editor\" data-id=\"bf8b6ea\" data-element_type=\"widget\" data-settings=\"{&quot;_ob_use_harakiri&quot;:&quot;yes&quot;,&quot;_ob_harakiri_writing_mode&quot;:&quot;inherit&quot;,&quot;_ob_postman_use&quot;:&quot;no&quot;,&quot;_ob_perspektive_use&quot;:&quot;no&quot;,&quot;_ob_poopart_use&quot;:&quot;yes&quot;,&quot;_ob_shadough_use&quot;:&quot;no&quot;,&quot;_ob_allow_hoveranimator&quot;:&quot;no&quot;,&quot;_ob_widget_stalker_use&quot;:&quot;no&quot;}\" data-widget_type=\"text-editor.default\">\n\t\t\t\t<div class=\"elementor-widget-container\">\n\t\t\t\t\t\t\t<h3><span style=\"color: #ffffff;\">Aviso Legal<\/span><\/h3>\t\t\t\t\t\t<\/div>\n\t\t\t\t<\/div>\n\t\t\t\t\t<\/div>\n\t\t\t\t<\/div>\n\t\t\t\t<section class=\"ob-is-breaking-bad elementor-section elementor-top-section elementor-element elementor-element-4122989 elementor-section-content-middle elementor-reverse-mobile elementor-section-boxed elementor-section-height-default elementor-section-height-default\" data-id=\"4122989\" data-element_type=\"section\" data-settings=\"{&quot;background_background&quot;:&quot;classic&quot;,&quot;_ob_bbad_use_it&quot;:&quot;yes&quot;,&quot;_ob_bbad_sssic_use&quot;:&quot;no&quot;,&quot;_ob_glider_is_slider&quot;:&quot;no&quot;}\">\n\t\t\t\t\t\t<div class=\"elementor-container elementor-column-gap-default\">\n\t\t\t\t\t<div class=\"elementor-column elementor-col-100 elementor-top-column elementor-element elementor-element-734cd55\" data-id=\"734cd55\" data-element_type=\"column\" data-settings=\"{&quot;_ob_bbad_is_stalker&quot;:&quot;no&quot;,&quot;_ob_teleporter_use&quot;:false,&quot;_ob_column_hoveranimator&quot;:&quot;no&quot;,&quot;_ob_column_has_pseudo&quot;:&quot;no&quot;}\">\n\t\t\t<div class=\"elementor-widget-wrap elementor-element-populated\">\n\t\t\t\t\t\t<div class=\"elementor-element elementor-element-9749894 ob-harakiri-inherit ob-has-background-overlay elementor-widget elementor-widget-text-editor\" data-id=\"9749894\" data-element_type=\"widget\" data-settings=\"{&quot;_ob_use_harakiri&quot;:&quot;yes&quot;,&quot;_ob_harakiri_writing_mode&quot;:&quot;inherit&quot;,&quot;_ob_postman_use&quot;:&quot;no&quot;,&quot;_ob_perspektive_use&quot;:&quot;no&quot;,&quot;_ob_poopart_use&quot;:&quot;yes&quot;,&quot;_ob_shadough_use&quot;:&quot;no&quot;,&quot;_ob_allow_hoveranimator&quot;:&quot;no&quot;,&quot;_ob_widget_stalker_use&quot;:&quot;no&quot;}\" data-widget_type=\"text-editor.default\">\n\t\t\t\t<div class=\"elementor-widget-container\">\n\t\t\t\t\t\t\t<div class=\"elementor-element elementor-element-af60815 elementor-widget elementor-widget-text-editor\" data-id=\"af60815\" data-element_type=\"widget\" data-widget_type=\"text-editor.default\">\n<div class=\"elementor-widget-container\">\n<div class=\"elementor-text-editor elementor-clearfix\">\n<p><strong>AVISO LEGAL<\/strong> de uso de la p\u00e1gina web de Soluciones 4biss SAS, sociedad inscripta en Argentina en la DPPJ bajo el n\u00famero RL-2021-16984344-GDEBA-DLMJYDHGP, con domicilio comercial en calle 472 n\u00b0 1611 de City Bell, La Plata, Buenos Aires, Argentina, en adelante \u201cSoluciones 4biss SAS\u201d<br>Empresa denominada comercialmente \u201c4BISS GLOBAL\u201d,<br>Marcas de Soluciones 4biss SL \u201c4BISS\u201d, &nbsp;\u201c4BISS GLOBAL\u201d Y \u201c4BISS GLOBAL LINK MANAGEMENT\u201d<br>Esta p\u00e1gina web tiene por objeto brindar informaci\u00f3n de la empresa al p\u00fablico en general y en particular a los usuarios propietarios de hoteles y fondos de inversi\u00f3n, la informaci\u00f3n relativa a los productos y servicios de Soluciones 4biss SAS<br>Las presentes disposiciones tienen por objeto la regulaci\u00f3n del uso de esta p\u00e1gina web que Soluciones 4biss SAS pone a disposici\u00f3n de los usuarios de Internet y de sus clientes registrados en particular.<br><br><strong>ENTIDAD QUE PUBLICA LA WEB<\/strong><br>Soluciones 4biss SAS<\/p>\n<p><strong>PROPIEDAD INTELECTUAL Y CONTENIDO<\/strong><\/p>\n<p>Soluciones 4biss SAS &nbsp;resuelta ser la \u00fanica y exclusiva detentadora de los derechos de propiedad de los nombres de dominio que identifican al sitio web y es titular del alojamiento de las p\u00e1ginas en el servidor oportuno, as\u00ed como de las cuentas de correo electr\u00f3nico que pertenezcan al dominio citado. As\u00ed mismo, es propietaria de los contenidos publicados, textos y fotograf\u00edas mientras no se indique diferente propiedad.<\/p>\n<p>Queda terminantemente prohibida la reproducci\u00f3n y\/o publicaci\u00f3n, total o parcial, del portal o sus contenidos, su tratamiento inform\u00e1tico, su distribuci\u00f3n, su difusi\u00f3n, su modificaci\u00f3n, transformaci\u00f3n, y dem\u00e1s derechos reconocidos legalmente a sus titulares. Para ello se requerir\u00e1 de un permiso previo, expreso y por escrito de los autores identificados o de Soluciones 4biss SAS.<\/p>\n<p><strong>LEY DE LA SOCIEDAD DE LA INFORMACI\u00d3N Y COMERCIO ELECTR\u00d3NICO<\/strong><\/p>\n<p>En cumplimiento de la Ley se informa a los usuarios que el env\u00edo de los formularios o correos electr\u00f3nicos implicar\u00e1 el consentimiento expreso para recibir comunicaciones comerciales de Soluciones 4biss SAS mediante correo electr\u00f3nico o cualquier otro medio electr\u00f3nico de comunicaci\u00f3n. No obstante, si no desea seguir recibiendo comunicaciones comerciales puede comunicarlo info@4biss.com<\/p>\n<p><strong>LEGISLACI\u00d3N APLICABLE<\/strong><\/p>\n<p>Toda la controversia surgida de la interpretaci\u00f3n del presente \u201cAviso Legal\u201d o la \u201cPol\u00edtica de Privacidad del Sitio Web\u201d se regir\u00e1 por la legislaci\u00f3n espa\u00f1ola, en concreto a la jurisdicci\u00f3n de los Juzgados y Tribunales de La Plata, Provincia de Buenos Aires, Argentina.<\/p>\n<p><strong>USUARIOS<\/strong><\/p>\n<p>La utilizaci\u00f3n de la p\u00e1gina web atribuye la condici\u00f3n de usuario e implica la aceptaci\u00f3n de todas las condiciones incluidas en esta Informaci\u00f3n Legal. Por tanto, el usuario debe leer atentamente la presente Informaci\u00f3n Legal en cada una de las ocasiones en que se proponga utilizar la p\u00e1gina web, ya que \u00e9sta y sus condiciones de uso recogidas en la presente Informaci\u00f3n Legal pueden sufrir modificaciones.<\/p>\n<p>Estas condiciones generales se rigen por la ley espa\u00f1ola.<\/p>\n<p>Para cualquier controversia que pudiera derivarse de la aplicaci\u00f3n e interpretaci\u00f3n de las mismas, Soluciones 4biss SAS y el usuario, con renuncia expresa a cualquier otro fuero, se someten al de los Juzgados y Tribunales de La Plata.<\/p>\n<p><strong>COPYRIGHT<\/strong><\/p>\n<p>Todos los derechos sobre la p\u00e1gina web, as\u00ed como de los derechos de propiedad industrial e intelectual referidos a los contenidos que en ella se incluyan son propiedad de Soluciones 4biss SAS o de terceros.<\/p>\n<p>Esta p\u00e1gina web puede contener referencias a marcas comerciales o marcas registradas de Soluciones 4biss SAS Todas las dem\u00e1s referencias a otras marcas comerciales o registradas pertenecen a sus respectivos propietarios, sin que pueda entenderse que el acceso a la p\u00e1gina Web atribuya derecho alguno sobre las mismas.<\/p>\n<p>Cualquier persona est\u00e1 autorizada para ver, copiar, imprimir y distribuir cualquier documento publicado por Soluciones 4biss SL en esta p\u00e1gina web teniendo en cuenta que: (i) dicho documento ser\u00e1 utilizado exclusivamente con fines informativos; (ii) dicho documento no podr\u00e1 ser utilizado con fines comerciales; (iii) dicho documento deber\u00e1 siempre incluir referencia de que es propiedad de Soluciones 4biss SAS.<\/p>\n<p>Los materiales de esta p\u00e1gina web est\u00e1n protegidos por derechos de autor y cualquier uso no autorizado de los mismos puede violar la normativa sobre derechos de autor, marcas y otras regulaciones. La autorizaci\u00f3n concedida para utilizar esta p\u00e1gina web se entender\u00e1 autom\u00e1ticamente terminada en caso de infringir cualquiera de estas Condiciones, estando obligado a destruir inmediatamente cualquier material obtenido o impreso de la p\u00e1gina web.<\/p>\n<p><strong>ADVERTENCIA LEGAL<\/strong><\/p>\n<p>Soluciones 4biss SAS se reserva el derecho de modificar, en cualquier momento y sin necesidad de previo aviso, la configuraci\u00f3n y contenidos de la p\u00e1gina web.<\/p>\n<p>El usuario se compromete a no llevar a cabo ninguna conducta que pueda da\u00f1ar los intereses y derechos de Soluciones 4biss o de terceros.<\/p>\n<p>Toda la informaci\u00f3n que reciba Soluciones 4biss SL a trav\u00e9s de este sitio web no se considerar\u00e1 confidencial salvo que en su texto as\u00ed se consigne por el remitente.<\/p>\n<p>Cualquier persona f\u00edsica o jur\u00eddica que quiera establecer un hiperenlace o hiperv\u00ednculo, necesitar\u00e1 una autorizaci\u00f3n previa de Soluciones 4biss SAS. Soluciones 4biss SAS no asume responsabilidad alguna derivada de los contenidos que terceras partes hayan incluido en los hiperv\u00ednculos a los que se hace referencia en esta p\u00e1gina. El establecimiento del hiperv\u00ednculo no implica en ning\u00fan caso la existencia de relaciones entre Soluciones 4biss SL. y el propietario de la p\u00e1gina web en la que se establezca, ni la aceptaci\u00f3n y aprobaci\u00f3n por parte de Soluciones 4biss SAS de sus contenidos o servicios all\u00ed ofrecidos puestos a disposici\u00f3n del p\u00fablico.<\/p>\n<p>Queda expresamente prohibido cualquier alteraci\u00f3n, cambio, modificaci\u00f3n o adaptaci\u00f3n de esta p\u00e1gina web o de cualquier informaci\u00f3n que la misma contenga.<\/p>\n<p>Soluciones 4biss SAS no se hace responsable de ning\u00fan da\u00f1o o perjuicio en el software o hardware del usuario que se derive del acceso a su p\u00e1gina web o del uso de informaci\u00f3n o aplicaciones en ella contenidas. As\u00ed mismo no se responsabiliza ni garantiza la disponibilidad y continuidad en el acceso a esta p\u00e1gina Web o que el mismo est\u00e9 libre de errores.<\/p>\n<p>El usuario responder\u00e1 de los da\u00f1os y perjuicios de toda naturaleza que Soluciones 4biss SAS pueda sufrir como consecuencia del incumplimiento de cualquiera de las obligaciones a las que queda sometido por las presentes condiciones. El usuario es consciente y acepta voluntariamente que el uso de cualesquiera contenidos de esta p\u00e1gina web tiene lugar, en todo caso, bajo su \u00fanica y exclusiva responsabilidad.<\/p>\n<\/div>\n<\/div>\n<\/div>\t\t\t\t\t\t<\/div>\n\t\t\t\t<\/div>\n\t\t\t\t\t<\/div>\n\t\t<\/div>\n\t\t\t\t\t<\/div>\n\t\t<\/section>\n\t\t\t\t<\/div>\n\t\t","protected":false},"excerpt":{"rendered":"<p>Pol\u00edticas de Privacidad POLITICA DE PRIVACIDAD Y DE PROTECCION DE DATOS PERSONALES ASUMIDA POR\u00a0 \u201cwww.4biss.com\u201d dominio de \u201cSoluciones 4biss SAS\u201d \u00a0Todos los [&hellip;]<\/p>\n","protected":false},"author":1,"featured_media":0,"parent":0,"menu_order":0,"comment_status":"closed","ping_status":"closed","template":"page-templates\/page_front-page.php","meta":{"_joinchat":[],"footnotes":""},"class_list":["post-1509","page","type-page","status-publish","hentry"],"_links":{"self":[{"href":"https:\/\/nuevo.4biss.com\/index.php\/wp-json\/wp\/v2\/pages\/1509","targetHints":{"allow":["GET"]}}],"collection":[{"href":"https:\/\/nuevo.4biss.com\/index.php\/wp-json\/wp\/v2\/pages"}],"about":[{"href":"https:\/\/nuevo.4biss.com\/index.php\/wp-json\/wp\/v2\/types\/page"}],"author":[{"embeddable":true,"href":"https:\/\/nuevo.4biss.com\/index.php\/wp-json\/wp\/v2\/users\/1"}],"replies":[{"embeddable":true,"href":"https:\/\/nuevo.4biss.com\/index.php\/wp-json\/wp\/v2\/comments?post=1509"}],"version-history":[{"count":10,"href":"https:\/\/nuevo.4biss.com\/index.php\/wp-json\/wp\/v2\/pages\/1509\/revisions"}],"predecessor-version":[{"id":1670,"href":"https:\/\/nuevo.4biss.com\/index.php\/wp-json\/wp\/v2\/pages\/1509\/revisions\/1670"}],"wp:attachment":[{"href":"https:\/\/nuevo.4biss.com\/index.php\/wp-json\/wp\/v2\/media?parent=1509"}],"curies":[{"name":"wp","href":"https:\/\/api.w.org\/{rel}","templated":true}]}}